{"id":82,"date":"2013-08-11T19:06:15","date_gmt":"2013-08-11T19:06:15","guid":{"rendered":"http:\/\/localhost:8888\/test\/?page_id=520"},"modified":"2020-11-03T17:52:49","modified_gmt":"2020-11-03T17:52:49","slug":"nosotros","status":"publish","type":"page","link":"http:\/\/www.kitelog.com.mx\/ktlog\/nosotros\/","title":{"rendered":"Nosotros"},"content":{"rendered":"\n\n  <div class=\"banner has-hover has-parallax\" id=\"banner-693274780\">\n          <div class=\"banner-inner fill\">\n        <div class=\"banner-bg fill\" data-parallax=\"-3\" data-parallax-container=\".banner\" data-parallax-background>\n            <div class=\"bg fill bg-fill \"><\/div>\n                        <div class=\"overlay\"><\/div>            \n                    <\/div>\n        <div class=\"banner-layers container\">\n            <div class=\"fill banner-link\"><\/div>            \n\n   <div id=\"text-box-1330100454\" class=\"text-box banner-layer x50 md-x50 lg-x50 y80 md-y80 lg-y80 res-text\">\n                                <div class=\"text dark\">\n              \n              <div class=\"text-inner text-center\">\n                  \n\n<h1 class=\"lead\">Nosotros<\/h1>\n<p class=\"lead\"><strong>Nuestra compa\u00f1\u00eda se especializa en el Servicio de Autotransporte de Carga Federal, Log\u00edstica, Manejo de Inventarios, Cross Docking, Distribuci\u00f3n de Productos con Temperatura Controlada, Consolidaci\u00f3n de Sistemas de Rastreo, entre otros servicios.<\/strong><\/p>\n\n              <\/div>\n           <\/div>\n                            \n<style>\n#text-box-1330100454 {\n  width: 90%;\n}\n#text-box-1330100454 .text {\n  font-size: 100%;\n}\n@media (min-width:550px) {\n  #text-box-1330100454 {\n    width: 80%;\n  }\n}\n<\/style>\n    <\/div>\n \n\n        <\/div>\n      <\/div>\n\n            \n<style>\n#banner-693274780 {\n  padding-top: 507px;\n}\n#banner-693274780 .bg.bg-loaded {\n  background-image: url(http:\/\/www.kitelog.com.mx\/ktlog\/wp-content\/uploads\/2020\/10\/slide-4-1400x788.jpg);\n}\n#banner-693274780 .overlay {\n  background-color: rgba(17, 49, 106, 0.4);\n}\n#banner-693274780 .bg {\n  background-position: 49% 100%;\n}\n<\/style>\n  <\/div>\n\n\n<div class=\"row\"  id=\"row-1892467486\">\n\n\n\t<div id=\"col-191736331\" class=\"col small-12 large-12\"  >\n\t\t<div class=\"col-inner\"  >\n\t\t\t\n\t\t\t\n\n<p class=\"uppercase\" style=\"text-align: center;\"><span style=\"font-size: 160%;\"><strong>Vamos en contra<\/strong> de las tarifas altas<\/span><\/p>\n<p class=\"lead text-center\"><strong>Para Kite<\/strong>, comprendemos que es un reto poder sostener hoy los precios que demanda la industria, es por eso que desarrollamos cadenas de negocio autosustentables, que dan como resultado, los precios m\u00e1s competitivos del mercado.<\/p>\n<div class=\"text-center\"><div class=\"is-divider divider clearfix\" ><\/div><\/div>\n\n\n\t\t<\/div>\n\t\t\t<\/div>\n\n\t\n\n<\/div>\n\n","protected":false},"excerpt":{"rendered":"","protected":false},"author":1,"featured_media":16,"parent":0,"menu_order":0,"comment_status":"closed","ping_status":"closed","template":"page-blank.php","meta":[],"_links":{"self":[{"href":"http:\/\/www.kitelog.com.mx\/ktlog\/wp-json\/wp\/v2\/pages\/82"}],"collection":[{"href":"http:\/\/www.kitelog.com.mx\/ktlog\/wp-json\/wp\/v2\/pages"}],"about":[{"href":"http:\/\/www.kitelog.com.mx\/ktlog\/wp-json\/wp\/v2\/types\/page"}],"author":[{"embeddable":true,"href":"http:\/\/www.kitelog.com.mx\/ktlog\/wp-json\/wp\/v2\/users\/1"}],"replies":[{"embeddable":true,"href":"http:\/\/www.kitelog.com.mx\/ktlog\/wp-json\/wp\/v2\/comments?post=82"}],"version-history":[{"count":8,"href":"http:\/\/www.kitelog.com.mx\/ktlog\/wp-json\/wp\/v2\/pages\/82\/revisions"}],"predecessor-version":[{"id":417,"href":"http:\/\/www.kitelog.com.mx\/ktlog\/wp-json\/wp\/v2\/pages\/82\/revisions\/417"}],"wp:featuredmedia":[{"embeddable":true,"href":"http:\/\/www.kitelog.com.mx\/ktlog\/wp-json\/wp\/v2\/media\/16"}],"wp:attachment":[{"href":"http:\/\/www.kitelog.com.mx\/ktlog\/wp-json\/wp\/v2\/media?parent=82"}],"curies":[{"name":"wp","href":"https:\/\/api.w.org\/{rel}","templated":true}]}}