{"id":80,"date":"2013-08-11T19:22:53","date_gmt":"2013-08-11T19:22:53","guid":{"rendered":"http:\/\/localhost:8888\/test\/?page_id=532"},"modified":"2023-03-10T22:50:06","modified_gmt":"2023-03-10T22:50:06","slug":"contacto-2","status":"publish","type":"page","link":"http:\/\/www.kitelog.com.mx\/ktlog\/contacto-2\/","title":{"rendered":"Contacto"},"content":{"rendered":"\n\n  <div class=\"banner has-hover\" id=\"banner-1416054486\">\n          <div class=\"banner-inner fill\">\n        <div class=\"banner-bg fill\" >\n            <div class=\"bg fill bg-fill \"><\/div>\n                        <div class=\"overlay\"><\/div>            \n                    <\/div>\n        <div class=\"banner-layers container\">\n            <div class=\"fill banner-link\"><\/div>            \n\n   <div id=\"text-box-843080839\" class=\"text-box banner-layer x50 md-x50 lg-x50 y50 md-y50 lg-y50 res-text\">\n                                <div class=\"text dark\">\n              \n              <div class=\"text-inner text-center\">\n                  \n\n<h3 class=\"uppercase\"><strong>Contacto<\/strong><\/h3>\n<p class=\"lead\"><strong>Para mayor informaci\u00f3n de nuestras soluciones cont\u00e1ctanos a trav\u00e9s de los siguientes canales.<\/strong><\/p>\n\n              <\/div>\n           <\/div>\n                            \n<style>\n#text-box-843080839 {\n  width: 60%;\n}\n#text-box-843080839 .text {\n  font-size: 100%;\n}\n<\/style>\n    <\/div>\n \n\n        <\/div>\n      <\/div>\n\n            \n<style>\n#banner-1416054486 {\n  padding-top: 500px;\n  background-color: #003366;\n}\n#banner-1416054486 .bg.bg-loaded {\n  background-image: url(http:\/\/www.kitelog.com.mx\/ktlog\/wp-content\/uploads\/2020\/10\/contacto.jpg);\n}\n#banner-1416054486 .overlay {\n  background-color: rgba(0, 51, 102, 0.48);\n}\n<\/style>\n  <\/div>\n\n\n<div class=\"row align-center\"  id=\"row-356810318\">\n\n\n\t<div id=\"col-1548405756\" class=\"col medium-4 small-12 large-4\"  >\n\t\t<div class=\"col-inner\"  >\n\t\t\t\n\t\t\t\n\n\n\t\t<div class=\"icon-box featured-box icon-box-left text-left is-small\"  style=\"margin:px px px px;\">\n\t\t\t\t\t<div class=\"icon-box-img has-icon-bg\" style=\"width: 35px\">\n\t\t\t\t<div class=\"icon\">\n\t\t\t\t\t<div class=\"icon-inner\" style=\"border-width:1px;color:rgb(62, 157, 203);\">\n\t\t\t\t\t\t<?xml version=\"1.0\" encoding=\"UTF-8\"?> <!-- Generator: Adobe Illustrator 19.0.0, SVG Export Plug-In . SVG Version: 6.00 Build 0) --> <svg xmlns=\"http:\/\/www.w3.org\/2000\/svg\" xmlns:xlink=\"http:\/\/www.w3.org\/1999\/xlink\" version=\"1.1\" id=\"Capa_1\" x=\"0px\" y=\"0px\" viewBox=\"0 0 480 480\" style=\"enable-background:new 0 0 480 480;\" xml:space=\"preserve\"> <g> <g> <path d=\"M240,51c-42.084,0-76.2,34.116-76.2,76.2c0,42.084,34.116,76.2,76.2,76.2c42.064-0.048,76.152-34.136,76.2-76.2 C316.2,85.116,282.084,51,240,51z M240,187.4C240,187.4,240,187.4,240,187.4c-33.233-0.035-60.165-26.967-60.2-60.2h0 c0-33.248,26.952-60.2,60.2-60.2c33.247,0,60.2,26.952,60.2,60.2C300.2,160.447,273.247,187.4,240,187.4z\"><\/path> <\/g> <\/g> <g> <g> <path d=\"M287.648,305.808l59.328-84.856c18.861-26.767,28.997-58.704,29.024-91.448c-0.45-53.049-33.873-100.213-83.776-118.216 L286.4,9.056c-29.898-11.364-62.804-12.053-93.152-1.952c-52.525,16.65-88.484,65.065-89.248,120.16v2.24 c0.026,32.742,10.162,64.677,29.024,91.44l59.328,84.864C83.448,314.088,8,349.136,8,392c0,49.344,101.904,88,232,88 s232-38.656,232-88C472,349.136,396.552,314.088,287.648,305.808z M146.136,211.784c-16.977-24.081-26.105-52.816-26.136-82.28 v-2.24c0.767-48.2,32.309-90.494,78.288-104.976c26.838-8.942,55.941-8.337,82.384,1.712l5.848,2.232 C330.201,41.9,359.516,83.1,360,129.504c-0.031,29.464-9.159,58.199-26.136,82.28L240,346.04L146.136,211.784z M240,464 c-127.288,0-216-37.944-216-72c0-29.184,66.024-63.632,176.512-70.744c0.767-0.087,1.517-0.289,2.224-0.6l30.712,43.928 c2.535,3.619,7.524,4.497,11.142,1.962c0.763-0.535,1.427-1.199,1.962-1.962l30.712-43.928c0.707,0.311,1.457,0.513,2.224,0.6 C389.976,328.368,456,362.816,456,392C456,426.056,367.288,464,240,464z\"><\/path> <\/g> <\/g> <g> <\/g> <g> <\/g> <g> <\/g> <g> <\/g> <g> <\/g> <g> <\/g> <g> <\/g> <g> <\/g> <g> <\/g> <g> <\/g> <g> <\/g> <g> <\/g> <g> <\/g> <g> <\/g> <g> <\/g> <\/svg> \t\t\t\t\t<\/div>\n\t\t\t\t<\/div>\n\t\t\t<\/div>\n\t\t\t\t<div class=\"icon-box-text last-reset\">\n\t\t\t\t\t\t\t\t\t\n\n<h3>KITE LOGISTICS S.A.P.I DE C.V<\/h3>\n<p>Ej\u00e9rcito Nacional 453, piso 1 Int. A, Col. Granada, Miguel Hidalgo, CDMX<br \/>C.P. 11520<\/p>\n\n\t\t<\/div>\n\t<\/div>\n\t\n\t\n\t<div id=\"gap-1691936319\" class=\"gap-element clearfix\" style=\"display:block; height:auto;\">\n\t\t\n<style>\n#gap-1691936319 {\n  padding-top: 20px;\n}\n<\/style>\n\t<\/div>\n\t\n\n\t<div id=\"gap-12165350\" class=\"gap-element clearfix\" style=\"display:block; height:auto;\">\n\t\t\n<style>\n#gap-12165350 {\n  padding-top: 20px;\n}\n<\/style>\n\t<\/div>\n\t\n\n\n\t\t<div class=\"icon-box featured-box icon-box-left text-left is-small\"  style=\"margin:px px px px;\">\n\t\t\t\t\t<div class=\"icon-box-img has-icon-bg\" style=\"width: 35px\">\n\t\t\t\t<div class=\"icon\">\n\t\t\t\t\t<div class=\"icon-inner\" style=\"border-width:1px;color:rgb(62, 157, 203);\">\n\t\t\t\t\t\t<?xml version=\"1.0\" encoding=\"UTF-8\"?> <!-- Generator: Adobe Illustrator 19.0.0, SVG Export Plug-In . SVG Version: 6.00 Build 0) --> <svg xmlns=\"http:\/\/www.w3.org\/2000\/svg\" xmlns:xlink=\"http:\/\/www.w3.org\/1999\/xlink\" version=\"1.1\" id=\"Layer_1\" x=\"0px\" y=\"0px\" viewBox=\"0 0 512 512\" style=\"enable-background:new 0 0 512 512;\" xml:space=\"preserve\"> <g> <g> <path d=\"M477.281,96.081H34.717C15.574,96.081,0,111.655,0,130.798v250.403c0,19.143,15.574,34.717,34.717,34.717h442.564 c19.144,0,34.719-15.574,34.719-34.717V130.798C512,111.655,496.426,96.081,477.281,96.081z M34.717,112.239h442.564 c1.321,0,2.607,0.143,3.85,0.407L269.099,289.492c-7.59,6.33-18.608,6.33-26.198,0L30.869,112.646 C32.112,112.383,33.398,112.239,34.717,112.239z M18.966,390.97c-1.769-2.842-2.808-6.182-2.808-9.768V130.798 c0-2.824,0.653-5.493,1.786-7.891l179.842,149.997L18.966,390.97z M34.98,399.761l175.763-116.048l21.808,18.189 c6.794,5.666,15.121,8.499,23.449,8.499c8.328,0,16.655-2.833,23.449-8.499l21.808-18.189l175.763,116.048H34.98z M495.842,381.202c0,3.586-1.039,6.928-2.808,9.768L314.214,272.905l179.842-149.997c1.133,2.399,1.786,5.067,1.786,7.891V381.202 z\"><\/path> <\/g> <\/g> <g> <\/g> <g> <\/g> <g> <\/g> <g> <\/g> <g> <\/g> <g> <\/g> <g> <\/g> <g> <\/g> <g> <\/g> <g> <\/g> <g> <\/g> <g> <\/g> <g> <\/g> <g> <\/g> <g> <\/g> <\/svg> \t\t\t\t\t<\/div>\n\t\t\t\t<\/div>\n\t\t\t<\/div>\n\t\t\t\t<div class=\"icon-box-text last-reset\">\n\t\t\t\t\t\t\t\t\t\n\n<h3>Correo<\/h3>\n<p>info@kitelog.com.mx<\/p>\n\n\t\t<\/div>\n\t<\/div>\n\t\n\t\n\n\t\t<\/div>\n\t\t\t<\/div>\n\n\t\n\n\t<div id=\"col-35560248\" class=\"col medium-7 small-12 large-7\"  >\n\t\t<div class=\"col-inner\"  >\n\t\t\t\n\t\t\t\n\n<h3>Formulario de contacto<\/h3>\n<p>Tus preguntas y comentarios nos interesan. Completa los siguientes campos y recibir\u00e1s una respuesta lo antes posible. \u00a1Gracias!\u00a0<\/p>\n<p>\u00a0<\/p>\n<div role=\"form\" class=\"wpcf7\" id=\"wpcf7-f6-o1\" lang=\"es-ES\" dir=\"ltr\">\n<div class=\"screen-reader-response\" role=\"alert\" aria-live=\"polite\"><\/div>\n<form action=\"\/ktlog\/wp-json\/wp\/v2\/pages\/80#wpcf7-f6-o1\" method=\"post\" class=\"wpcf7-form init\" novalidate=\"novalidate\">\n<div style=\"display: none;\">\n<input type=\"hidden\" name=\"_wpcf7\" value=\"6\" \/>\n<input type=\"hidden\" name=\"_wpcf7_version\" value=\"5.2.2\" \/>\n<input type=\"hidden\" name=\"_wpcf7_locale\" value=\"es_ES\" \/>\n<input type=\"hidden\" name=\"_wpcf7_unit_tag\" value=\"wpcf7-f6-o1\" \/>\n<input type=\"hidden\" name=\"_wpcf7_container_post\" value=\"0\" \/>\n<input type=\"hidden\" name=\"_wpcf7_posted_data_hash\" value=\"\" \/>\n<\/div>\n<p><label>Nombre*<br \/>\n    <span class=\"wpcf7-form-control-wrap your-name\"><input type=\"text\" name=\"your-name\" value=\"\" size=\"40\" class=\"wpcf7-form-control wpcf7-text wpcf7-validates-as-required\" aria-required=\"true\" aria-invalid=\"false\" \/><\/span> <\/label><\/p>\n<p><label> Correo*<br \/>\n    <span class=\"wpcf7-form-control-wrap your-email\"><input type=\"email\" name=\"your-email\" value=\"\" size=\"40\" class=\"wpcf7-form-control wpcf7-text wpcf7-email wpcf7-validates-as-required wpcf7-validates-as-email\" aria-required=\"true\" aria-invalid=\"false\" \/><\/span> <\/label><\/p>\n<p><label>Tu mensaje<br \/>\n    <span class=\"wpcf7-form-control-wrap your-message\"><textarea name=\"your-message\" cols=\"40\" rows=\"10\" class=\"wpcf7-form-control wpcf7-textarea\" aria-invalid=\"false\"><\/textarea><\/span> <\/label><\/p>\n<p><input type=\"submit\" value=\"Enviar\" class=\"wpcf7-form-control wpcf7-submit\" \/><\/p>\n<div class=\"wpcf7-response-output\" role=\"alert\" aria-hidden=\"true\"><\/div><\/form><\/div>\n\n<\/p>\n\n\t\t<\/div>\n\t\t\t<\/div>\n\n\t\n\n<\/div>\n\n","protected":false},"excerpt":{"rendered":"","protected":false},"author":1,"featured_media":16,"parent":0,"menu_order":0,"comment_status":"closed","ping_status":"closed","template":"page-blank.php","meta":[],"_links":{"self":[{"href":"http:\/\/www.kitelog.com.mx\/ktlog\/wp-json\/wp\/v2\/pages\/80"}],"collection":[{"href":"http:\/\/www.kitelog.com.mx\/ktlog\/wp-json\/wp\/v2\/pages"}],"about":[{"href":"http:\/\/www.kitelog.com.mx\/ktlog\/wp-json\/wp\/v2\/types\/page"}],"author":[{"embeddable":true,"href":"http:\/\/www.kitelog.com.mx\/ktlog\/wp-json\/wp\/v2\/users\/1"}],"replies":[{"embeddable":true,"href":"http:\/\/www.kitelog.com.mx\/ktlog\/wp-json\/wp\/v2\/comments?post=80"}],"version-history":[{"count":11,"href":"http:\/\/www.kitelog.com.mx\/ktlog\/wp-json\/wp\/v2\/pages\/80\/revisions"}],"predecessor-version":[{"id":519,"href":"http:\/\/www.kitelog.com.mx\/ktlog\/wp-json\/wp\/v2\/pages\/80\/revisions\/519"}],"wp:featuredmedia":[{"embeddable":true,"href":"http:\/\/www.kitelog.com.mx\/ktlog\/wp-json\/wp\/v2\/media\/16"}],"wp:attachment":[{"href":"http:\/\/www.kitelog.com.mx\/ktlog\/wp-json\/wp\/v2\/media?parent=80"}],"curies":[{"name":"wp","href":"https:\/\/api.w.org\/{rel}","templated":true}]}}