{"id":46,"date":"2016-02-18T15:10:52","date_gmt":"2016-02-18T15:10:52","guid":{"rendered":"http:\/\/flatsome.dev\/?page_id=4041"},"modified":"2025-03-13T16:04:15","modified_gmt":"2025-03-13T16:04:15","slug":"simple-corporate","status":"publish","type":"page","link":"http:\/\/www.kitelog.com.mx\/ktlog\/","title":{"rendered":"Corporate"},"content":{"rendered":"\n<div class=\"slider-wrapper relative\" id=\"slider-507762893\" >\n    <div class=\"slider slider-nav-circle slider-nav-large slider-nav-light slider-style-normal\"\n        data-flickity-options='{\n            \"cellAlign\": \"center\",\n            \"imagesLoaded\": true,\n            \"lazyLoad\": 1,\n            \"freeScroll\": false,\n            \"wrapAround\": true,\n            \"autoPlay\": 6000,\n            \"pauseAutoPlayOnHover\" : true,\n            \"prevNextButtons\": true,\n            \"contain\" : true,\n            \"adaptiveHeight\" : true,\n            \"dragThreshold\" : 10,\n            \"percentPosition\": true,\n            \"pageDots\": true,\n            \"rightToLeft\": false,\n            \"draggable\": true,\n            \"selectedAttraction\": 0.1,\n            \"parallax\" : 0,\n            \"friction\": 0.6        }'\n        >\n        \n\n\n  <div class=\"banner has-hover\" id=\"banner-910501398\">\n          <div class=\"banner-inner fill\">\n        <div class=\"banner-bg fill\" >\n            <div class=\"bg fill bg-fill \"><\/div>\n                                    \n                    <\/div>\n        <div class=\"banner-layers container\">\n            <div class=\"fill banner-link\"><\/div>            \n\n   <div id=\"text-box-424762473\" class=\"text-box banner-layer x50 md-x5 lg-x5 y75 md-y50 lg-y50 res-text\">\n                                <div class=\"text box-shadow-1\">\n              \n              <div class=\"text-inner text-left\">\n                  \n\n<h6>Nuestros servicios<\/h6>\n<p>Contamos con divisiones para ofrecer la soluci\u00f3n de log\u00edstica a medida de cada uno de los clientes, cada divisi\u00f3n contiene un ingrediente esencial.<\/p>\n<h3 class=\"uppercase\">pasi\u00f3n por la entrega<\/h3>\n<a href=\"\/ktlog\/servicios\" target=\"_self\" class=\"button primary is-gradient\"  style=\"border-radius:99px;\">\n    <span>Ir a servicios<\/span>\n  <\/a>\n\n\n\n              <\/div>\n           <\/div>\n                            \n<style>\n#text-box-424762473 .text {\n  background-color: rgba(255, 255, 255, 0.76);\n  border-radius: 16px;\n  font-size: 100%;\n}\n#text-box-424762473 .text-inner {\n  padding: 30px 30px 30px 30px;\n}\n#text-box-424762473 {\n  width: 90%;\n}\n@media (min-width:550px) {\n  #text-box-424762473 {\n    width: 44%;\n  }\n}\n<\/style>\n    <\/div>\n \n\n        <\/div>\n      <\/div>\n\n            \n<style>\n#banner-910501398 {\n  padding-top: 637px;\n}\n#banner-910501398 .bg.bg-loaded {\n  background-image: url(http:\/\/www.kitelog.com.mx\/ktlog\/wp-content\/uploads\/2020\/10\/slide-1.jpg);\n}\n#banner-910501398 .bg {\n  background-position: 33% 91%;\n}\n<\/style>\n  <\/div>\n\n\n\n  <div class=\"banner has-hover\" id=\"banner-1950870987\">\n          <div class=\"banner-inner fill\">\n        <div class=\"banner-bg fill\" >\n            <div class=\"bg fill bg-fill \"><\/div>\n                                    \n                    <\/div>\n        <div class=\"banner-layers container\">\n            <div class=\"fill banner-link\"><\/div>            \n\n   <div id=\"text-box-980959074\" class=\"text-box banner-layer x50 md-x5 lg-x5 y75 md-y50 lg-y50 res-text\">\n                                <div class=\"text box-shadow-1\">\n              \n              <div class=\"text-inner text-left\">\n                  \n\n<h6>Rennova<\/h6>\n<h3 class=\"uppercase\">Solicitamos camiones en renta<\/h3>\n<p><span style=\"font-weight: 400;\">Venta, compra, arrendamiento, intercambio y\u00a0 renta de equipo de transporte de carga.\u00a0<\/span><\/p>\n<a href=\"\/ktlog\/rennova\" target=\"_self\" class=\"button primary\"  style=\"border-radius:99px;\">\n    <span>Me interesa<\/span>\n  <\/a>\n\n\n\n              <\/div>\n           <\/div>\n                            \n<style>\n#text-box-980959074 .text {\n  background-color: rgba(255, 255, 255, 0.86);\n  border-radius: 16px;\n  font-size: 100%;\n}\n#text-box-980959074 .text-inner {\n  padding: 30px 30px 30px 30px;\n}\n#text-box-980959074 {\n  width: 88%;\n}\n@media (min-width:550px) {\n  #text-box-980959074 {\n    width: 50%;\n  }\n}\n<\/style>\n    <\/div>\n \n\n        <\/div>\n      <\/div>\n\n            \n<style>\n#banner-1950870987 {\n  padding-top: 637px;\n}\n#banner-1950870987 .bg.bg-loaded {\n  background-image: url(http:\/\/www.kitelog.com.mx\/ktlog\/wp-content\/uploads\/2020\/10\/slide-2-1400x788.jpg);\n}\n#banner-1950870987 .bg {\n  background-position: 62% 68%;\n}\n<\/style>\n  <\/div>\n\n\n\n     <\/div>\n\n     <div class=\"loading-spin dark large centered\"><\/div>\n\n     <\/div>\n\n\n\t<section class=\"section\" id=\"section_1056578123\">\n\t\t<div class=\"bg section-bg fill bg-fill  bg-loaded\" >\n\n\t\t\t\n\t\t\t\n\t\t\t\n\n\t\t<\/div>\n\n\t\t<div class=\"section-content relative\">\n\t\t\t\n\n<div class=\"row row-large align-center row-divided\"  id=\"row-962514689\">\n\n\n\t<div id=\"col-1896294016\" class=\"col medium-4 large-4\"  >\n\t\t<div class=\"col-inner\"  >\n\t\t\t\n\t\t\t\n\n\n\t\t<div class=\"icon-box featured-box icon-box-center text-center\"  style=\"margin:0px 0px 0px 0px;\">\n\t\t\t\t\t<div class=\"icon-box-img has-icon-bg\" style=\"width: 60px\">\n\t\t\t\t<div class=\"icon\">\n\t\t\t\t\t<div class=\"icon-inner\" style=\"border-width:2px;\">\n\t\t\t\t\t\t<?xml version=\"1.0\" encoding=\"UTF-8\"?> <svg xmlns=\"http:\/\/www.w3.org\/2000\/svg\" id=\"Layer_3\" height=\"512\" viewBox=\"0 0 64 64\" width=\"512\"><g><path d=\"m33 38.858c1.72-.447 3-1.999 3-3.858 0-2.206-1.794-4-4-4-1.103 0-2-.897-2-2s.897-2 2-2 2 .897 2 2h2c0-1.859-1.28-3.411-3-3.858v-2.142h-2v2.142c-1.72.447-3 1.999-3 3.858 0 2.206 1.794 4 4 4 1.103 0 2 .897 2 2s-.897 2-2 2-2-.897-2-2h-2c0 1.859 1.28 3.411 3 3.858v2.142h2z\"><\/path><path d=\"m32 19c-7.168 0-13 5.832-13 13h2c0-6.065 4.935-11 11-11z\"><\/path><path d=\"m43 32c0 6.065-4.935 11-11 11v2c7.168 0 13-5.832 13-13z\"><\/path><path d=\"m21.6 8.164c-3.135 1.369-5.934 3.318-8.319 5.792l1.439 1.389c2.203-2.284 4.787-4.084 7.681-5.349z\"><\/path><path d=\"m25.761 6.754c-.704.173-1.404.377-2.082.606l.642 1.895c.624-.211 1.27-.399 1.918-.56z\"><\/path><path d=\"m29.922 6.082c-.683.054-1.383.138-2.08.249l.316 1.975c.644-.104 1.29-.181 1.92-.229z\"><\/path><path d=\"m32 3c7.747 0 15.029 3.017 20.506 8.494.375.375 1.039.375 1.414 0l2.08-2.08v7.586h-7.586l1.971-1.971c.391-.391.391-1.023 0-1.414-4.911-4.911-11.44-7.615-18.385-7.615v2c6.076 0 11.808 2.243 16.249 6.337l-2.956 2.956c-.286.286-.372.716-.217 1.09s.52.617.924.617h11c.552 0 1-.447 1-1v-11c0-.404-.244-.77-.617-.924-.376-.157-.804-.07-1.09.217l-3.091 3.091c-5.765-5.414-13.255-8.384-21.202-8.384-17.093 0-31 13.906-31 31h2c0-15.99 13.009-29 29-29z\"><\/path><path d=\"m50.72 50.044-1.439-1.389c-2.203 2.284-4.787 4.084-7.681 5.349l.801 1.832c3.135-1.369 5.933-3.318 8.319-5.792z\"><\/path><path d=\"m38.239 57.246c.704-.173 1.404-.377 2.082-.606l-.642-1.895c-.624.211-1.27.399-1.918.56z\"><\/path><path d=\"m34.078 57.918c.683-.054 1.383-.138 2.08-.249l-.316-1.975c-.644.104-1.29.181-1.92.229z\"><\/path><path d=\"m61 32c0 15.99-13.009 29-29 29-7.747 0-15.029-3.017-20.506-8.494-.375-.375-1.039-.375-1.414 0l-2.08 2.08v-7.586h7.586l-1.971 1.971c-.391.391-.391 1.023 0 1.414 4.911 4.911 11.44 7.615 18.385 7.615v-2c-6.076 0-11.808-2.243-16.249-6.337l2.956-2.956c.286-.286.372-.716.217-1.09s-.52-.617-.924-.617h-11c-.552 0-1 .447-1 1v11c0 .404.244.77.617.924.374.156.804.069 1.09-.217l3.091-3.091c5.765 5.414 13.255 8.384 21.202 8.384 17.093 0 31-13.906 31-31z\"><\/path><path d=\"m49 32c0-9.374-7.626-17-17-17s-17 7.626-17 17 7.626 17 17 17 17-7.626 17-17zm-17 15c-8.271 0-15-6.729-15-15s6.729-15 15-15 15 6.729 15 15-6.729 15-15 15z\"><\/path><\/g><\/svg> \t\t\t\t\t<\/div>\n\t\t\t\t<\/div>\n\t\t\t<\/div>\n\t\t\t\t<div class=\"icon-box-text last-reset\">\n\t\t\t<h5 class=\"uppercase\">ALQVIMIA<\/h5>\t\t\t\t\t\t\n\n<p>Abre tu propio negocio de transporte, buscamos socios regionales.<\/p>\n<a href=\"\/ktlog\/alqvimia\/\" target=\"_self\" class=\"button primary is-underline\"  >\n    <span>Me interesa<\/span>\n  <\/a>\n\n\n\n\t\t<\/div>\n\t<\/div>\n\t\n\t\n\n\t\t<\/div>\n\t\t\t<\/div>\n\n\t\n\n\t<div id=\"col-306068856\" class=\"col medium-4 large-4\"  >\n\t\t<div class=\"col-inner\"  >\n\t\t\t\n\t\t\t\n\n\n\t\t<div class=\"icon-box featured-box icon-box-center text-center\"  style=\"margin:0px 0px 0px 0px;\">\n\t\t\t\t\t<div class=\"icon-box-img has-icon-bg\" style=\"width: 60px\">\n\t\t\t\t<div class=\"icon\">\n\t\t\t\t\t<div class=\"icon-inner\" style=\"border-width:2px;\">\n\t\t\t\t\t\t<?xml version=\"1.0\" encoding=\"UTF-8\"?> <!-- Generator: Adobe Illustrator 19.0.0, SVG Export Plug-In . SVG Version: 6.00 Build 0) --> <svg xmlns=\"http:\/\/www.w3.org\/2000\/svg\" xmlns:xlink=\"http:\/\/www.w3.org\/1999\/xlink\" version=\"1.1\" id=\"Capa_1\" x=\"0px\" y=\"0px\" viewBox=\"0 0 511.999 511.999\" style=\"enable-background:new 0 0 511.999 511.999;\" xml:space=\"preserve\"> <g> <g> <path d=\"M371.823,208.732l-17.425-10.128c-0.002-0.001-0.004-0.002-0.006-0.003c-0.278-0.162-0.564-0.31-0.857-0.444 c-0.171-0.078-0.349-0.142-0.524-0.21c-0.127-0.05-0.251-0.106-0.38-0.151c-0.161-0.055-0.327-0.097-0.49-0.144 c-0.149-0.043-0.297-0.093-0.448-0.129c-0.142-0.034-0.288-0.055-0.432-0.083c-0.177-0.034-0.353-0.073-0.532-0.098 c-0.126-0.017-0.255-0.022-0.382-0.035c-0.198-0.02-0.396-0.043-0.596-0.05c-0.123-0.005-0.248,0.003-0.372,0.003 c-0.203,0-0.406-0.004-0.611,0.009c-0.145,0.009-0.291,0.032-0.437,0.047c-0.183,0.019-0.365,0.032-0.548,0.062 c-0.172,0.028-0.345,0.072-0.517,0.109c-0.154,0.033-0.309,0.057-0.463,0.098c-0.279,0.074-0.547,0.166-0.814,0.261 c-0.043,0.016-0.089,0.026-0.131,0.042c-0.299,0.112-0.589,0.24-0.872,0.377c-0.01,0.005-0.021,0.009-0.031,0.013 c-0.589,0.289-1.139,0.633-1.649,1.023c-0.003,0.003-0.007,0.005-0.011,0.008c-0.237,0.182-0.463,0.376-0.682,0.577 c-0.022,0.02-0.046,0.038-0.068,0.058c-0.199,0.187-0.386,0.384-0.568,0.585c-0.037,0.041-0.079,0.079-0.116,0.121 c-0.169,0.193-0.324,0.396-0.478,0.6c-0.043,0.057-0.092,0.111-0.134,0.169c-0.189,0.264-0.366,0.537-0.529,0.818 c-0.001,0.002-0.003,0.005-0.005,0.007l-10.085,17.449c-2.763,4.784-1.126,10.901,3.655,13.664 c1.576,0.91,3.296,1.344,4.994,1.344c2.334,0,4.614-0.835,6.426-2.355l5.472,20.563c1.191,4.476,5.235,7.431,9.657,7.431 c0.852,0,1.717-0.11,2.579-0.339c5.337-1.421,8.512-6.899,7.091-12.236l-5.47-20.554c4.021,0.721,8.24-1.073,10.41-4.809 C378.219,217.628,376.598,211.506,371.823,208.732z\"><\/path> <\/g> <\/g> <g> <g> <path d=\"M280.098,249.412c-0.13-0.63-0.33-1.261-0.58-1.87c-0.25-0.601-0.55-1.181-0.91-1.721c-0.369-0.55-0.79-1.06-1.25-1.52 c-0.46-0.46-0.97-0.88-1.52-1.25c-0.54-0.36-1.12-0.67-1.72-0.92c-0.61-0.25-1.24-0.44-1.87-0.57c-1.3-0.26-2.62-0.26-3.91,0 c-0.64,0.13-1.271,0.32-1.87,0.57c-0.61,0.25-1.189,0.56-1.729,0.92c-0.551,0.37-1.061,0.79-1.521,1.25 c-0.46,0.46-0.88,0.97-1.24,1.52c-0.359,0.54-0.67,1.12-0.92,1.721c-0.25,0.609-0.45,1.24-0.569,1.87 c-0.131,0.649-0.2,1.31-0.2,1.96c0,0.649,0.069,1.31,0.2,1.949c0.13,0.641,0.319,1.271,0.569,1.87c0.25,0.61,0.561,1.19,0.92,1.73 c0.36,0.55,0.78,1.06,1.24,1.52c0.46,0.46,0.97,0.88,1.521,1.24c0.54,0.36,1.119,0.67,1.729,0.92c0.6,0.25,1.23,0.44,1.87,0.57 c0.64,0.13,1.3,0.2,1.95,0.2c0.649,0,1.31-0.07,1.96-0.2c0.63-0.13,1.26-0.32,1.87-0.57c0.6-0.25,1.18-0.56,1.72-0.92 c0.55-0.36,1.06-0.78,1.52-1.24c0.46-0.46,0.881-0.97,1.25-1.52c0.36-0.54,0.66-1.12,0.91-1.73c0.25-0.6,0.45-1.229,0.58-1.87 c0.13-0.64,0.19-1.3,0.19-1.949C280.288,250.722,280.227,250.061,280.098,249.412z\"><\/path> <\/g> <\/g> <g> <g> <path d=\"M511.66,351.798l-7.672-28.822c-1.218-4.577-4.146-8.406-8.244-10.781c-4.098-2.375-8.874-3.01-13.452-1.794 l-51.333,13.663c-0.106-1.612-0.369-3.225-0.794-4.821l-40.978-153.964c-1.708-6.418-5.813-11.786-11.559-15.116 c-5.746-3.331-12.444-4.225-18.862-2.515l-9.918,2.64c-0.029-0.119-0.044-0.238-0.076-0.357L321.236,46.472 c-4.325-16.25-21.064-25.952-37.315-21.627l-93.666,24.93c-16.25,4.324-25.952,21.063-21.627,37.315l7.468,28.057 c0.001,0.003,0.001,0.007,0.002,0.01l9.989,37.533c0.002,0.006,0.004,0.012,0.006,0.018l10.072,37.841 c0.031,0.119,0.078,0.23,0.111,0.348l-8.706,2.317c-13.246,3.525-21.156,17.172-17.631,30.421l40.978,153.963 c0.425,1.596,0.999,3.126,1.708,4.577l-17.425,4.638l-53.966-202.763c-0.444-1.668-1.313-3.193-2.521-4.427l-39.409-40.221 c5.648-7.744,5.013-18.68-1.963-25.681L48.758,64.974c-5.382-5.399-12.544-8.38-20.168-8.393c-0.017,0-0.032,0-0.049,0 c-7.605,0-14.759,2.955-20.147,8.325C2.994,70.288,0.013,77.451,0,85.075s2.944,14.797,8.326,20.196l48.583,48.745 c3.741,3.755,8.722,5.827,14.021,5.836c0.012,0,0.023,0,0.035,0c5.287,0,10.261-2.055,14.007-5.788l0.353-0.352l37.259,38.027 l54.7,205.513c-4.127,3.655-7.693,7.979-10.538,12.887c-6.962,12.012-8.829,26.016-5.259,39.432 c6.185,23.234,27.258,38.613,50.239,38.613c4.412,0,8.896-0.567,13.357-1.754c13.416-3.571,24.639-12.152,31.601-24.164 c6.02-10.386,8.222-22.262,6.401-33.959l241.485-64.274C509.905,362.612,513.08,357.135,511.66,351.798z M63.993,146.958 l7.083-7.06c0,0.001,0.001,0.001,0.001,0.002L63.993,146.958z M71.328,139.425l-0.363,0.362L22.491,91.152 c-1.61-1.616-2.495-3.763-2.491-6.044c0.004-2.281,0.896-4.425,2.513-6.036c1.612-1.607,3.753-2.491,6.029-2.491 c0.005,0,0.01,0,0.015,0c2.281,0.004,4.425,0.896,6.035,2.512l1.515,1.52l46.958,47.116L71.328,139.425z M363.912,166.976 c0.417-0.111,0.837-0.165,1.249-0.165c2.15,0,4.122,1.439,4.7,3.613l40.979,153.963c0.45,1.693-0.115,3.038-0.492,3.689 c-0.377,0.65-1.263,1.81-2.957,2.26l-53.131,14.141l-43.479-163.361L363.912,166.976z M321.941,126.88l7.504,28.193 c0.052,0.194-0.063,0.395-0.259,0.447l-15.704,4.18l-97.549,25.963c-0.049,0.014-0.143,0.038-0.272-0.036 c-0.132-0.076-0.158-0.175-0.171-0.223l-7.504-28.194L321.941,126.88z M316.797,107.553l-113.954,30.33l-4.846-18.206 l113.954-30.331L316.797,107.553z M192.853,100.349l-4.898-18.403c-1.489-5.593,1.85-11.355,7.443-12.843l93.666-24.931 c5.594-1.489,11.355,1.851,12.845,7.444l4.898,18.403L192.853,100.349z M189.265,218.49c-0.689-2.592,0.857-5.261,3.448-5.951 l28.358-7.547c0.003-0.001,0.007-0.001,0.01-0.002l24.763-6.591l4.737,17.801c1.421,5.338,6.895,8.513,12.236,7.091 c5.337-1.42,8.512-6.898,7.091-12.235l-4.737-17.8l10.138-2.698l16.146-4.297l43.48,163.361l-0.788,0.21l-25.495,6.786 l-18.816-70.699c-1.421-5.338-6.895-8.505-12.236-7.092c-5.337,1.421-8.512,6.899-7.091,12.236l18.816,70.698l-0.251,0.067 l-52.882,14.075c-1.695,0.445-3.037-0.117-3.687-0.494c-0.651-0.377-1.81-1.263-2.261-2.956L189.265,218.49z M239.381,452.236 c-4.283,7.39-11.188,12.669-19.441,14.866c-8.254,2.196-16.869,1.047-24.259-3.235c-7.39-4.283-12.669-11.188-14.866-19.441 c-2.116-7.952-1.119-16.235,2.786-23.439c0.148-0.273,0.292-0.549,0.449-0.819c3.734-6.443,9.461-11.28,16.337-13.871 c1.006-0.379,2.035-0.711,3.087-0.992l0.03-0.008c2.741-0.729,5.493-1.076,8.204-1.076c9.177,0,17.844,4.006,23.849,10.715 c3.245,3.625,5.725,8.027,7.059,13.041c0.487,1.828,0.799,3.675,0.96,5.521C244.14,439.988,242.715,446.483,239.381,452.236z M256.254,409.427c-3.465-5.758-7.974-10.705-13.208-14.654l61.083-16.257l45.614-12.141l62.794-16.713 c0.001,0,0.003-0.001,0.005-0.001l72.706-19.351l4.516,16.967L256.254,409.427z\"><\/path> <\/g> <\/g> <g> <\/g> <g> <\/g> <g> <\/g> <g> <\/g> <g> <\/g> <g> <\/g> <g> <\/g> <g> <\/g> <g> <\/g> <g> <\/g> <g> <\/g> <g> <\/g> <g> <\/g> <g> <\/g> <g> <\/g> <\/svg> \t\t\t\t\t<\/div>\n\t\t\t\t<\/div>\n\t\t\t<\/div>\n\t\t\t\t<div class=\"icon-box-text last-reset\">\n\t\t\t<h5 class=\"uppercase\">Rennova<\/h5>\t\t\t\t\t\t\n\n<p><span style=\"font-weight: 400;\">Venta, compra, arrendamiento, intercambio y\u00a0 renta de equipo de transporte de carga.\u00a0<\/span><\/p>\n<a href=\"\/ktlog\/rennova\" target=\"_self\" class=\"button primary is-underline\"  >\n    <span>Me interesa<\/span>\n  <\/a>\n\n\n\n\t\t<\/div>\n\t<\/div>\n\t\n\t\n\n\t\t<\/div>\n\t\t\t<\/div>\n\n\t\n\n\t<div id=\"col-1531097881\" class=\"col medium-4 large-4\"  >\n\t\t<div class=\"col-inner\"  >\n\t\t\t\n\t\t\t\n\n\n\t\t<div class=\"icon-box featured-box icon-box-center text-center\"  style=\"margin:0px 0px 0px 0px;\">\n\t\t\t\t\t<div class=\"icon-box-img has-icon-bg\" style=\"width: 60px\">\n\t\t\t\t<div class=\"icon\">\n\t\t\t\t\t<div class=\"icon-inner\" style=\"border-width:2px;\">\n\t\t\t\t\t\t<?xml version=\"1.0\" encoding=\"UTF-8\"?> <svg xmlns=\"http:\/\/www.w3.org\/2000\/svg\" id=\"Layer_1\" data-name=\"Layer 1\" viewBox=\"0 0 512 512\" width=\"512\" height=\"512\"><title>Logistic Website 3<\/title><path d=\"M470.074,33H146.617C128.462,33,114,48.2,114,66.354V171.163A78.28,78.28,0,0,0,146.51,320.64,75.218,75.218,0,0,0,185.8,310H252v60H234.588c-.144,0-.285.156-.427.164A134.774,134.774,0,0,0,144.4,336.106C69.738,336.106,9,397.093,9,471.75A7.217,7.217,0,0,0,16,479H272.79a7.313,7.313,0,0,0,7-7.356A136.583,136.583,0,0,0,247.808,384H392.7a7,7,0,0,0,0-14H365V310H470.074A32.987,32.987,0,0,0,503,277.047V66.354C503,48.2,488.229,33,470.074,33ZM265.591,465H23.2a121.4,121.4,0,0,1,242.392,0ZM146.433,306.626a64.331,64.331,0,1,1,64.331-64.33A64.4,64.4,0,0,1,146.433,306.626ZM351,370H266V310h85Zm138-92.953A18.971,18.971,0,0,1,470.074,296H203.4a78.3,78.3,0,0,0,19.232-36H489ZM489,246H224.657c.07-1,.107-2.524.107-3.892a78.208,78.208,0,0,0-78.177-78.237A76.906,76.906,0,0,0,128,166.247V66.354C128,55.918,136.182,47,146.617,47H470.074C480.51,47,489,55.918,489,66.354Z\"><\/path><path d=\"M252.79,84H173.937a7,7,0,0,0,0,14H252.79a7,7,0,1,0,0-14Z\"><\/path><path d=\"M252.79,118H173.937a7,7,0,0,0,0,14H252.79a7,7,0,1,0,0-14Z\"><\/path><path d=\"M252.79,148H173.937a7,7,0,0,0,0,14H252.79a7,7,0,1,0,0-14Z\"><\/path><path d=\"M440.93,84H305.642A6.655,6.655,0,0,0,299,90.944v34.85c0,3.866,2.775,7.206,6.642,7.206H310v87.479A6.318,6.318,0,0,0,316.655,227H430.08c3.866,0,6.92-2.655,6.92-6.521V133h3.93a7.239,7.239,0,0,0,7.07-7.206V90.944A7.013,7.013,0,0,0,440.93,84ZM423,213H324V133h27v51.191a7.206,7.206,0,0,0,10.873,5.987l11.3-6.826,11.653,6.868a7.038,7.038,0,0,0,3.569.971,6.283,6.283,0,0,0,3.271-.92,6.822,6.822,0,0,0,3.33-6.08V133h28Zm-58-41.235V133h16v38.93l-4.475-2.763a7.107,7.107,0,0,0-7.248.042ZM434,119H313V98H434Z\"><\/path><\/svg> \t\t\t\t\t<\/div>\n\t\t\t\t<\/div>\n\t\t\t<\/div>\n\t\t\t\t<div class=\"icon-box-text last-reset\">\n\t\t\t<h5 class=\"uppercase\">full service<\/h5>\t\t\t\t\t\t\n\n<p><span style=\"font-weight: 400;\">Equipo especializado con operador dedicado s\u00f3lo para el cliente.<\/span><\/p>\n<a href=\"\/ktlog\/full-service\/\" target=\"_self\" class=\"button primary is-underline\"  >\n    <span>Me interesa<\/span>\n  <\/a>\n\n\n\n\t\t<\/div>\n\t<\/div>\n\t\n\t\n\n\t\t<\/div>\n\t\t\t<\/div>\n\n\t\n\n<\/div>\n<div class=\"row align-center\"  id=\"row-1212384872\">\n\n\n\t<div id=\"col-1300852173\" class=\"col small-12 large-12\"  >\n\t\t<div class=\"col-inner text-center\"  >\n\t\t\t\n\t\t\t\n\n<a href=\"\/ktlog\/servicios\" target=\"_self\" class=\"button primary\"  style=\"border-radius:99px;\">\n    <span>ver todos los servicios<\/span>\n  <\/a>\n\n\n\n\t\t<\/div>\n\t\t\n<style>\n#col-1300852173 > .col-inner {\n  padding: 20px 0px 0px 0px;\n}\n<\/style>\n\t<\/div>\n\n\t\n\n<\/div>\n\n\t\t<\/div>\n\n\t\t\n<style>\n#section_1056578123 {\n  padding-top: 30px;\n  padding-bottom: 30px;\n  background-color: rgb(238, 238, 238);\n}\n<\/style>\n\t<\/section>\n\t\n\t<section class=\"section\" id=\"section_1076774812\">\n\t\t<div class=\"bg section-bg fill bg-fill  \" >\n\n\t\t\t\n\t\t\t\n\t\t\t\n\t<div class=\"is-border\"\n\t\tstyle=\"border-width:1px 0px 1px 0px;\">\n\t<\/div>\n\n\t\t<\/div>\n\n\t\t<div class=\"section-content relative\">\n\t\t\t\n\n<div class=\"row row-large align-middle\"  id=\"row-2009583983\">\n\n\n\t<div id=\"col-1523977285\" class=\"col medium-6 small-12 large-6\"  >\n\t\t<div class=\"col-inner\"  >\n\t\t\t\n\t\t\t\n\n\t<div class=\"img has-hover x md-x lg-x y md-y lg-y\" id=\"image_1847602317\">\n\t\t\t\t\t\t\t\t<div class=\"img-inner dark\" >\n\t\t\t<img width=\"786\" height=\"800\" src=\"http:\/\/www.kitelog.com.mx\/ktlog\/wp-content\/uploads\/2020\/10\/truck-2-786x800.png\" class=\"attachment-large size-large\" alt=\"\" loading=\"lazy\" srcset=\"http:\/\/www.kitelog.com.mx\/ktlog\/wp-content\/uploads\/2020\/10\/truck-2-786x800.png 786w, http:\/\/www.kitelog.com.mx\/ktlog\/wp-content\/uploads\/2020\/10\/truck-2-393x400.png 393w, http:\/\/www.kitelog.com.mx\/ktlog\/wp-content\/uploads\/2020\/10\/truck-2-768x781.png 768w, http:\/\/www.kitelog.com.mx\/ktlog\/wp-content\/uploads\/2020\/10\/truck-2-600x611.png 600w, http:\/\/www.kitelog.com.mx\/ktlog\/wp-content\/uploads\/2020\/10\/truck-2.png 800w\" sizes=\"(max-width: 786px) 100vw, 786px\" \/>\t\t\t\t\t\t\n\t\t\t\t\t<\/div>\n\t\t\t\t\t\t\t\t\n<style>\n#image_1847602317 {\n  width: 100%;\n}\n<\/style>\n\t<\/div>\n\t\n\n\n\t\t<\/div>\n\t\t\t<\/div>\n\n\t\n\n\t<div id=\"col-1815892072\" class=\"col medium-6 small-12 large-6\"  >\n\t\t<div class=\"col-inner text-left\"  >\n\t\t\t\n\t\t\t\n\n<h2 class=\"uppercase\">kite logistics<\/h2>\n<p>Nuestra compa\u00f1\u00eda se especializa en el Servicio de Autotransporte de Carga Federal, Log\u00edstica, Manejo de Inventarios, Cross Docking, Distribuci\u00f3n de Productos con Temperatura Controlada, Consolidaci\u00f3n de Sistemas de Rastreo, entre otros servicios.<\/p>\n<a href=\"\/ktlog\/nosotros\" target=\"_self\" class=\"button primary\"  style=\"border-radius:99px;\">\n    <span>conoce m\u00e1s<\/span>\n  <\/a>\n\n\n\n\t\t<\/div>\n\t\t\t<\/div>\n\n\t\n\n<\/div>\n\n\t\t<\/div>\n\n\t\t\n<style>\n#section_1076774812 {\n  padding-top: 60px;\n  padding-bottom: 60px;\n  background-color: rgb(255, 255, 255);\n}\n#section_1076774812 .section-bg.bg-loaded {\n  background-image: url(http:\/\/www.kitelog.com.mx\/ktlog\/wp-content\/uploads\/2020\/10\/texture-1.jpg);\n}\n#section_1076774812 .section-bg {\n  background-position: 100% 100%;\n}\n<\/style>\n\t<\/section>\n\t\n<div class=\"message-box relative dark\" style=\"padding-top:36px;padding-bottom:36px;\"><div class=\"message-box-bg-image bg-fill fill\" style=\"background-image:url(http:\/\/www.kitelog.com.mx\/ktlog\/wp-content\/uploads\/2020\/10\/slide-3-1400x788.jpg);\"><\/div><div class=\"message-box-bg-overlay bg-fill fill\" style=\"background-color:rgba(12, 15, 40, 0.46);\"><\/div><div class=\"container relative\"><div class=\"inner last-reset\">\n\n<div class=\"row align-middle\"  id=\"row-899268806\">\n\n\n\t<div id=\"col-1722086198\" class=\"col medium-7 small-12 large-7\"  >\n\t\t<div class=\"col-inner\"  >\n\t\t\t\n\t\t\t\n\n<h2 class=\"uppercase\">m\u00e1s informaci\u00f3n<\/h2>\n<p>Cont\u00e1ctanos para mayor informaci\u00f3n sobre nuestras soluciones.<\/p>\n\n\t\t<\/div>\n\t\t\t<\/div>\n\n\t\n\n\t<div id=\"col-1661982669\" class=\"col medium-5 small-12 large-5\"  >\n\t\t<div class=\"col-inner text-right\"  >\n\t\t\t\n\t\t\t\n\n<a data-animate=\"flipInY\" href=\"\/ktlog\/contacto\" target=\"_self\" class=\"button white is-outline is-larger\"  style=\"border-radius:99px;\">\n    <span>Contacto<\/span>\n  <\/a>\n\n\n\n\t\t<\/div>\n\t\t\t<\/div>\n\n\t\n\n<\/div>\n\n<\/div><\/div><\/div>\n\n","protected":false},"excerpt":{"rendered":"","protected":false},"author":1,"featured_media":16,"parent":0,"menu_order":1,"comment_status":"closed","ping_status":"closed","template":"page-transparent-header-light.php","meta":[],"_links":{"self":[{"href":"http:\/\/www.kitelog.com.mx\/ktlog\/wp-json\/wp\/v2\/pages\/46"}],"collection":[{"href":"http:\/\/www.kitelog.com.mx\/ktlog\/wp-json\/wp\/v2\/pages"}],"about":[{"href":"http:\/\/www.kitelog.com.mx\/ktlog\/wp-json\/wp\/v2\/types\/page"}],"author":[{"embeddable":true,"href":"http:\/\/www.kitelog.com.mx\/ktlog\/wp-json\/wp\/v2\/users\/1"}],"replies":[{"embeddable":true,"href":"http:\/\/www.kitelog.com.mx\/ktlog\/wp-json\/wp\/v2\/comments?post=46"}],"version-history":[{"count":38,"href":"http:\/\/www.kitelog.com.mx\/ktlog\/wp-json\/wp\/v2\/pages\/46\/revisions"}],"predecessor-version":[{"id":468,"href":"http:\/\/www.kitelog.com.mx\/ktlog\/wp-json\/wp\/v2\/pages\/46\/revisions\/468"}],"wp:featuredmedia":[{"embeddable":true,"href":"http:\/\/www.kitelog.com.mx\/ktlog\/wp-json\/wp\/v2\/media\/16"}],"wp:attachment":[{"href":"http:\/\/www.kitelog.com.mx\/ktlog\/wp-json\/wp\/v2\/media?parent=46"}],"curies":[{"name":"wp","href":"https:\/\/api.w.org\/{rel}","templated":true}]}}