{"id":388,"date":"2020-10-21T00:40:50","date_gmt":"2020-10-21T00:40:50","guid":{"rendered":"http:\/\/www.kitelog.info\/?page_id=388"},"modified":"2020-11-03T19:52:35","modified_gmt":"2020-11-03T19:52:35","slug":"cargo-alliance","status":"publish","type":"page","link":"http:\/\/www.kitelog.com.mx\/ktlog\/cargo-alliance\/","title":{"rendered":"Cargo Alliance"},"content":{"rendered":"\n\n  <div class=\"banner has-hover has-parallax\" id=\"banner-929075713\">\n          <div class=\"banner-inner fill\">\n        <div class=\"banner-bg fill\" data-parallax=\"-3\" data-parallax-container=\".banner\" data-parallax-background>\n            <div class=\"bg fill bg-fill \"><\/div>\n                        <div class=\"overlay\"><\/div>            \n                    <\/div>\n        <div class=\"banner-layers container\">\n            <div class=\"fill banner-link\"><\/div>            \n\n   <div id=\"text-box-2093777412\" class=\"text-box banner-layer x50 md-x50 lg-x50 y50 md-y50 lg-y50 res-text\">\n                                <div class=\"text dark\">\n              \n              <div class=\"text-inner text-center\">\n                  \n\n\t<div class=\"img has-hover x md-x lg-x y md-y lg-y\" id=\"image_540404113\">\n\t\t\t\t\t\t\t\t<div class=\"img-inner dark\" >\n\t\t\t<img width=\"600\" height=\"400\" src=\"http:\/\/www.kitelog.com.mx\/ktlog\/wp-content\/uploads\/2020\/11\/cargo.png\" class=\"attachment-large size-large\" alt=\"\" loading=\"lazy\" \/>\t\t\t\t\t\t\n\t\t\t\t\t<\/div>\n\t\t\t\t\t\t\t\t\n<style>\n#image_540404113 {\n  width: 80%;\n}\n@media (min-width:550px) {\n  #image_540404113 {\n    width: 46%;\n  }\n}\n<\/style>\n\t<\/div>\n\t\n\n<h3 class=\"lead uppercase\"><span data-text-color=\"secondary\"><\/span> la Industria Log\u00edstica en M\u00e9xico<\/h3>\n\n              <\/div>\n           <\/div>\n                            \n<style>\n#text-box-2093777412 {\n  width: 80%;\n}\n#text-box-2093777412 .text {\n  font-size: 100%;\n}\n@media (min-width:550px) {\n  #text-box-2093777412 {\n    width: 60%;\n  }\n}\n<\/style>\n    <\/div>\n \n\n        <\/div>\n      <\/div>\n\n            \n<style>\n#banner-929075713 {\n  padding-top: 507px;\n}\n#banner-929075713 .bg.bg-loaded {\n  background-image: url(http:\/\/www.kitelog.com.mx\/ktlog\/wp-content\/uploads\/2020\/10\/slide-1-1400x788.jpg);\n}\n#banner-929075713 .overlay {\n  background-color: rgba(17, 49, 106, 0.56);\n}\n<\/style>\n  <\/div>\n\n\n<div class=\"row\"  id=\"row-610437817\">\n\n\n\t<div id=\"col-1158636538\" class=\"col small-12 large-12\"  >\n\t\t<div class=\"col-inner\"  >\n\t\t\t\n\t\t\t\n\n<h1 class=\"lead text-center\">Sistemas de integraci\u00f3n de carga multimodal.<\/h1>\n\n\t\t<\/div>\n\t\t\t<\/div>\n\n\t\n\n<\/div>\n\t<section class=\"section\" id=\"section_1229853514\">\n\t\t<div class=\"bg section-bg fill bg-fill  bg-loaded\" >\n\n\t\t\t\n\t\t\t\n\t\t\t\n\t<div class=\"is-border\"\n\t\tstyle=\"border-color:rgb(235, 235, 235);border-width:1px 0px 0px 0px;\">\n\t<\/div>\n\n\t\t<\/div>\n\n\t\t<div class=\"section-content relative\">\n\t\t\t\n\n<div class=\"row row-large align-center\"  id=\"row-988302171\">\n\n\n\t<div id=\"col-1194027557\" class=\"col small-12 large-12\"  >\n\t\t<div class=\"col-inner text-left\"  >\n\t\t\t\n\t\t\t\n\n<h1>Beneficios<\/h1>\n\n\t\t<\/div>\n\t\t\t<\/div>\n\n\t\n\n\t<div id=\"col-818599273\" class=\"col medium-6 small-12 large-6\"  >\n\t\t<div class=\"col-inner text-left\"  >\n\t\t\t\n\t\t\t\n\n<p class=\"lead\"><span style=\"font-weight: 400;\">Transportista \/ Hombre Cami\u00f3n<\/span><\/p>\n<ul>\n<li class=\"bullet-checkmark\" style=\"font-weight: 400;\"><span style=\"font-weight: 400;\">Una membres\u00eda al alcance de todos.<\/span><\/li>\n<li class=\"bullet-checkmark\" style=\"font-weight: 400;\"><span style=\"font-weight: 400;\">Certificaciones que agregan valor a tu trabajo.<\/span><\/li>\n<li class=\"bullet-checkmark\" style=\"font-weight: 400;\"><span style=\"font-weight: 400;\">Deja de recorrer km vac\u00edos con nuestra Red de Intercambios de rutas.<\/span><\/li>\n<li class=\"bullet-checkmark\" style=\"font-weight: 400;\"><span style=\"font-weight: 400;\">No regales tu trabajo a intermediarios.<\/span><\/li>\n<li class=\"bullet-checkmark\" style=\"font-weight: 400;\"><span style=\"font-weight: 400;\">Obt\u00e9n informaci\u00f3n clave de tus viajes.<\/span><\/li>\n<li class=\"bullet-checkmark\" style=\"font-weight: 400;\"><span style=\"font-weight: 400;\">Convi\u00e9rtete en un Profesional de Transportaci\u00f3n Terrestre. (aplicaci\u00f3n ptt)\u00a0<\/span><\/li>\n<\/ul>\n\n\t\t<\/div>\n\t\t\t<\/div>\n\n\t\n\n\t<div id=\"col-104004188\" class=\"col medium-6 small-12 large-6\"  >\n\t\t<div class=\"col-inner text-left\"  >\n\t\t\t\n\t\t\t\n\n<p class=\"lead\"><span style=\"font-weight: 400;\">Consolidador de Carga<\/span><\/p>\n<ul>\n<li class=\"bullet-checkmark\" style=\"font-weight: 400;\"><span style=\"font-weight: 400;\">Certificaci\u00f3n en todos los transportistas<\/span><\/li>\n<li class=\"bullet-checkmark\" style=\"font-weight: 400;\"><span style=\"font-weight: 400;\">Rastrea todas tus cargas en una sola aplicaci\u00f3n<\/span><\/li>\n<li class=\"bullet-checkmark\" style=\"font-weight: 400;\"><span style=\"font-weight: 400;\">Obt\u00e9n cualquier servicio, desde una sola carga, hasta un dedicado.<\/span><\/li>\n<\/ul>\n\n\t\t<\/div>\n\t\t\t<\/div>\n\n\t\n\n<\/div>\n<div class=\"row row-large\"  id=\"row-240263515\">\n\n\n\t<div id=\"col-780071049\" class=\"col medium-6 small-12 large-6\"  >\n\t\t<div class=\"col-inner text-left\"  >\n\t\t\t\n\t\t\t\n\n<h1>Contacto<\/h1>\n\t<div id=\"gap-1368629815\" class=\"gap-element clearfix\" style=\"display:block; height:auto;\">\n\t\t\n<style>\n#gap-1368629815 {\n  padding-top: 20px;\n}\n<\/style>\n\t<\/div>\n\t\n\n\n\t\t<div class=\"icon-box featured-box icon-box-left text-left is-small\"  style=\"margin:px px px px;\">\n\t\t\t\t\t<div class=\"icon-box-img has-icon-bg\" style=\"width: 35px\">\n\t\t\t\t<div class=\"icon\">\n\t\t\t\t\t<div class=\"icon-inner\" style=\"border-width:1px;color:rgb(62, 157, 203);\">\n\t\t\t\t\t\t<?xml version=\"1.0\" encoding=\"UTF-8\"?> <!-- Generator: Adobe Illustrator 19.0.0, SVG Export Plug-In . SVG Version: 6.00 Build 0) --> <svg xmlns=\"http:\/\/www.w3.org\/2000\/svg\" xmlns:xlink=\"http:\/\/www.w3.org\/1999\/xlink\" version=\"1.1\" id=\"Capa_1\" x=\"0px\" y=\"0px\" viewBox=\"0 0 480 480\" style=\"enable-background:new 0 0 480 480;\" xml:space=\"preserve\"> <g> <g> <path d=\"M240,51c-42.084,0-76.2,34.116-76.2,76.2c0,42.084,34.116,76.2,76.2,76.2c42.064-0.048,76.152-34.136,76.2-76.2 C316.2,85.116,282.084,51,240,51z M240,187.4C240,187.4,240,187.4,240,187.4c-33.233-0.035-60.165-26.967-60.2-60.2h0 c0-33.248,26.952-60.2,60.2-60.2c33.247,0,60.2,26.952,60.2,60.2C300.2,160.447,273.247,187.4,240,187.4z\"><\/path> <\/g> <\/g> <g> <g> <path d=\"M287.648,305.808l59.328-84.856c18.861-26.767,28.997-58.704,29.024-91.448c-0.45-53.049-33.873-100.213-83.776-118.216 L286.4,9.056c-29.898-11.364-62.804-12.053-93.152-1.952c-52.525,16.65-88.484,65.065-89.248,120.16v2.24 c0.026,32.742,10.162,64.677,29.024,91.44l59.328,84.864C83.448,314.088,8,349.136,8,392c0,49.344,101.904,88,232,88 s232-38.656,232-88C472,349.136,396.552,314.088,287.648,305.808z M146.136,211.784c-16.977-24.081-26.105-52.816-26.136-82.28 v-2.24c0.767-48.2,32.309-90.494,78.288-104.976c26.838-8.942,55.941-8.337,82.384,1.712l5.848,2.232 C330.201,41.9,359.516,83.1,360,129.504c-0.031,29.464-9.159,58.199-26.136,82.28L240,346.04L146.136,211.784z M240,464 c-127.288,0-216-37.944-216-72c0-29.184,66.024-63.632,176.512-70.744c0.767-0.087,1.517-0.289,2.224-0.6l30.712,43.928 c2.535,3.619,7.524,4.497,11.142,1.962c0.763-0.535,1.427-1.199,1.962-1.962l30.712-43.928c0.707,0.311,1.457,0.513,2.224,0.6 C389.976,328.368,456,362.816,456,392C456,426.056,367.288,464,240,464z\"><\/path> <\/g> <\/g> <g> <\/g> <g> <\/g> <g> <\/g> <g> <\/g> <g> <\/g> <g> <\/g> <g> <\/g> <g> <\/g> <g> <\/g> <g> <\/g> <g> <\/g> <g> <\/g> <g> <\/g> <g> <\/g> <g> <\/g> <\/svg> \t\t\t\t\t<\/div>\n\t\t\t\t<\/div>\n\t\t\t<\/div>\n\t\t\t\t<div class=\"icon-box-text last-reset\">\n\t\t\t\t\t\t\t\t\t\n\n<h3>Domicilio Fiscal:<\/h3>\n<p>Ej\u00e9rcito Nacional 453 Piso 1 Int. A, Col. Granada, Del. Miguel Hidalgo, CDMX, CP 11520.<\/p>\n\n\t\t<\/div>\n\t<\/div>\n\t\n\t\n\t<div id=\"gap-422081211\" class=\"gap-element clearfix\" style=\"display:block; height:auto;\">\n\t\t\n<style>\n#gap-422081211 {\n  padding-top: 20px;\n}\n<\/style>\n\t<\/div>\n\t\n\n\n\t\t<div class=\"icon-box featured-box icon-box-left text-left is-small\"  style=\"margin:px px px px;\">\n\t\t\t\t\t<div class=\"icon-box-img has-icon-bg\" style=\"width: 35px\">\n\t\t\t\t<div class=\"icon\">\n\t\t\t\t\t<div class=\"icon-inner\" style=\"border-width:1px;color:rgb(62, 157, 203);\">\n\t\t\t\t\t\t<?xml version=\"1.0\" encoding=\"UTF-8\"?> <!-- Generator: Adobe Illustrator 19.0.0, SVG Export Plug-In . SVG Version: 6.00 Build 0) --> <svg xmlns=\"http:\/\/www.w3.org\/2000\/svg\" xmlns:xlink=\"http:\/\/www.w3.org\/1999\/xlink\" version=\"1.1\" id=\"Capa_1\" x=\"0px\" y=\"0px\" viewBox=\"0 0 480 480\" style=\"enable-background:new 0 0 480 480;\" xml:space=\"preserve\"> <g> <g> <path d=\"M240,51c-42.084,0-76.2,34.116-76.2,76.2c0,42.084,34.116,76.2,76.2,76.2c42.064-0.048,76.152-34.136,76.2-76.2 C316.2,85.116,282.084,51,240,51z M240,187.4C240,187.4,240,187.4,240,187.4c-33.233-0.035-60.165-26.967-60.2-60.2h0 c0-33.248,26.952-60.2,60.2-60.2c33.247,0,60.2,26.952,60.2,60.2C300.2,160.447,273.247,187.4,240,187.4z\"><\/path> <\/g> <\/g> <g> <g> <path d=\"M287.648,305.808l59.328-84.856c18.861-26.767,28.997-58.704,29.024-91.448c-0.45-53.049-33.873-100.213-83.776-118.216 L286.4,9.056c-29.898-11.364-62.804-12.053-93.152-1.952c-52.525,16.65-88.484,65.065-89.248,120.16v2.24 c0.026,32.742,10.162,64.677,29.024,91.44l59.328,84.864C83.448,314.088,8,349.136,8,392c0,49.344,101.904,88,232,88 s232-38.656,232-88C472,349.136,396.552,314.088,287.648,305.808z M146.136,211.784c-16.977-24.081-26.105-52.816-26.136-82.28 v-2.24c0.767-48.2,32.309-90.494,78.288-104.976c26.838-8.942,55.941-8.337,82.384,1.712l5.848,2.232 C330.201,41.9,359.516,83.1,360,129.504c-0.031,29.464-9.159,58.199-26.136,82.28L240,346.04L146.136,211.784z M240,464 c-127.288,0-216-37.944-216-72c0-29.184,66.024-63.632,176.512-70.744c0.767-0.087,1.517-0.289,2.224-0.6l30.712,43.928 c2.535,3.619,7.524,4.497,11.142,1.962c0.763-0.535,1.427-1.199,1.962-1.962l30.712-43.928c0.707,0.311,1.457,0.513,2.224,0.6 C389.976,328.368,456,362.816,456,392C456,426.056,367.288,464,240,464z\"><\/path> <\/g> <\/g> <g> <\/g> <g> <\/g> <g> <\/g> <g> <\/g> <g> <\/g> <g> <\/g> <g> <\/g> <g> <\/g> <g> <\/g> <g> <\/g> <g> <\/g> <g> <\/g> <g> <\/g> <g> <\/g> <g> <\/g> <\/svg> \t\t\t\t\t<\/div>\n\t\t\t\t<\/div>\n\t\t\t<\/div>\n\t\t\t\t<div class=\"icon-box-text last-reset\">\n\t\t\t\t\t\t\t\t\t\n\n<h3>Corporativo: <\/h3>\n<p>Calzada del Valle 400, Edificio III PH &#8211; 901, Col. del Valle, San Pedro Garza Garc\u00eda, N.L. CP 66220.<\/p>\n\n\t\t<\/div>\n\t<\/div>\n\t\n\t\n\t<div id=\"gap-1829661487\" class=\"gap-element clearfix\" style=\"display:block; height:auto;\">\n\t\t\n<style>\n#gap-1829661487 {\n  padding-top: 20px;\n}\n<\/style>\n\t<\/div>\n\t\n\n\n\t\t<div class=\"icon-box featured-box icon-box-left text-left is-small\"  style=\"margin:px px px px;\">\n\t\t\t\t\t<div class=\"icon-box-img has-icon-bg\" style=\"width: 35px\">\n\t\t\t\t<div class=\"icon\">\n\t\t\t\t\t<div class=\"icon-inner\" style=\"border-width:1px;color:rgb(62, 157, 203);\">\n\t\t\t\t\t\t<?xml version=\"1.0\" encoding=\"UTF-8\"?> <svg xmlns=\"http:\/\/www.w3.org\/2000\/svg\" height=\"512pt\" viewBox=\"0 0 512 512\" width=\"512pt\"><path d=\"m437.019531 74.980469c-48.351562-48.351563-112.640625-74.980469-181.019531-74.980469s-132.667969 26.628906-181.019531 74.980469c-48.351563 48.351562-74.980469 112.640625-74.980469 181.019531s26.628906 132.667969 74.980469 181.019531c48.351562 48.351563 112.640625 74.980469 181.019531 74.980469 2.058594 0 4.15625-.023438 6.226562-.074219 8.285157-.203125 14.835938-7.078125 14.632813-15.359375-.199219-8.285156-7.046875-14.820312-15.359375-14.632812-1.828125.042968-3.679688.066406-5.5.066406-124.617188 0-226-101.382812-226-226s101.382812-226 226-226 226 101.382812 226 226c0 45.492188-13.519531 89.425781-39.09375 127.050781-4.984375 7.339844-11.679688 11.53125-20.457031 12.816407-8.78125 1.285156-16.394531-.808594-23.277344-6.402344l-11.882813-9.660156c1.421876-1.140626 2.820313-2.316407 4.191407-3.535157 8.816406-7.828125 13.203125-18.617187 12.351562-30.378906-.851562-11.761719-6.75-21.804687-16.605469-28.28125l-47.511718-31.222656c-13.414063-8.816407-30.832032-8.046875-43.347656 1.910156-7.035157 5.597656-16.753907 5.046875-23.109376-1.308594l-48.246093-48.242187c-6.355469-6.355469-6.90625-16.078125-1.308594-23.113282 9.957031-12.511718 10.726563-29.933593 1.910156-43.347656l-31.222656-47.511718c-6.476563-9.855469-16.519531-15.75-28.28125-16.605469-11.765625-.84375-22.550781 3.535156-30.378906 12.351562-38.609375 43.476563-36.632813 109.757813 4.5 150.894531l100.355469 100.355469c21.402343 21.402344 49.609374 32.207031 77.875 32.203125 13.988281 0 27.980468-2.671875 41.175781-7.988281l20.605469 16.757813c13.386718 10.882812 29.484374 15.3125 46.554687 12.808593 17.070313-2.5 31.222656-11.367187 40.921875-25.632812 28.96875-42.621094 44.28125-92.386719 44.28125-143.917969 0-68.378906-26.628906-132.667969-74.980469-181.019531zm-175.21875 275.578125-100.355469-100.359375c-29.925781-29.921875-31.367187-78.136719-3.285156-109.757813 1.460938-1.644531 3.839844-2.371094 5.429688-2.371094 1.410156 0 4.410156 1.167969 5.730468 3.179688l31.222657 47.511719c1.730469 2.632812 1.609375 5.773437-.316407 8.191406-15.011718 18.867187-13.476562 45.953125 3.574219 63.003906l48.242188 48.242188c17.046875 17.050781 44.132812 18.585937 63.003906 3.574219 2.417969-1.925782 5.558594-2.046876 8.191406-.316407l47.511719 31.222657c3.847656 3.847656 3.011719 8.957031.808594 11.160156-4.835938 4.835937-10.671875 8.300781-16.507813 11.304687-.082031.039063-.167969.078125-.25.121094-30.199219 15.398437-67.988281 10.304687-93-14.707031zm0 0\"><\/path><path d=\"m263.582031 90.171875c70.855469 3.238281 131.839844 51.160156 151.746094 119.238281 1.914063 6.546875 7.898437 10.796875 14.390625 10.796875 1.394531 0 2.8125-.195312 4.21875-.609375 7.949219-2.324218 12.511719-10.652344 10.1875-18.605468-23.507812-80.386719-95.511719-136.964844-179.171875-140.789063-8.277344-.375-15.292969 6.023437-15.671875 14.300781s6.023438 15.292969 14.300781 15.667969zm0 0\"><\/path><path d=\"m260.839844 150.109375c45.25 2.070313 84.1875 32.667969 96.898437 76.144531 1.914063 6.542969 7.898438 10.792969 14.390625 10.792969 1.394532 0 2.8125-.195313 4.21875-.609375 7.949219-2.324219 12.511719-10.652344 10.1875-18.605469-16.308594-55.777343-66.273437-95.035156-124.324218-97.6875-8.273438-.382812-15.292969 6.019531-15.667969 14.296875-.378907 8.277344 6.023437 15.289063 14.296875 15.667969zm0 0\"><\/path><\/svg> \t\t\t\t\t<\/div>\n\t\t\t\t<\/div>\n\t\t\t<\/div>\n\t\t\t\t<div class=\"icon-box-text last-reset\">\n\t\t\t\t\t\t\t\t\t\n\n<h3>Tel\u00e9fonos<\/h3>\n<p>(81) 2473 6528<br \/>(81) 2473 6521<\/p>\n\n\t\t<\/div>\n\t<\/div>\n\t\n\t\n\t<div id=\"gap-2054384485\" class=\"gap-element clearfix\" style=\"display:block; height:auto;\">\n\t\t\n<style>\n#gap-2054384485 {\n  padding-top: 20px;\n}\n<\/style>\n\t<\/div>\n\t\n\n\n\t\t<div class=\"icon-box featured-box icon-box-left text-left is-small\"  style=\"margin:px px px px;\">\n\t\t\t\t\t<div class=\"icon-box-img has-icon-bg\" style=\"width: 35px\">\n\t\t\t\t<div class=\"icon\">\n\t\t\t\t\t<div class=\"icon-inner\" style=\"border-width:1px;color:rgb(62, 157, 203);\">\n\t\t\t\t\t\t<?xml version=\"1.0\" encoding=\"UTF-8\"?> <!-- Generator: Adobe Illustrator 19.0.0, SVG Export Plug-In . SVG Version: 6.00 Build 0) --> <svg xmlns=\"http:\/\/www.w3.org\/2000\/svg\" xmlns:xlink=\"http:\/\/www.w3.org\/1999\/xlink\" version=\"1.1\" id=\"Layer_1\" x=\"0px\" y=\"0px\" viewBox=\"0 0 512 512\" style=\"enable-background:new 0 0 512 512;\" xml:space=\"preserve\"> <g> <g> <path d=\"M477.281,96.081H34.717C15.574,96.081,0,111.655,0,130.798v250.403c0,19.143,15.574,34.717,34.717,34.717h442.564 c19.144,0,34.719-15.574,34.719-34.717V130.798C512,111.655,496.426,96.081,477.281,96.081z M34.717,112.239h442.564 c1.321,0,2.607,0.143,3.85,0.407L269.099,289.492c-7.59,6.33-18.608,6.33-26.198,0L30.869,112.646 C32.112,112.383,33.398,112.239,34.717,112.239z M18.966,390.97c-1.769-2.842-2.808-6.182-2.808-9.768V130.798 c0-2.824,0.653-5.493,1.786-7.891l179.842,149.997L18.966,390.97z M34.98,399.761l175.763-116.048l21.808,18.189 c6.794,5.666,15.121,8.499,23.449,8.499c8.328,0,16.655-2.833,23.449-8.499l21.808-18.189l175.763,116.048H34.98z M495.842,381.202c0,3.586-1.039,6.928-2.808,9.768L314.214,272.905l179.842-149.997c1.133,2.399,1.786,5.067,1.786,7.891V381.202 z\"><\/path> <\/g> <\/g> <g> <\/g> <g> <\/g> <g> <\/g> <g> <\/g> <g> <\/g> <g> <\/g> <g> <\/g> <g> <\/g> <g> <\/g> <g> <\/g> <g> <\/g> <g> <\/g> <g> <\/g> <g> <\/g> <g> <\/g> <\/svg> \t\t\t\t\t<\/div>\n\t\t\t\t<\/div>\n\t\t\t<\/div>\n\t\t\t\t<div class=\"icon-box-text last-reset\">\n\t\t\t\t\t\t\t\t\t\n\n<h3>Correo<\/h3>\n<p>comercial@kitelog.com.mx<\/p>\n\n\t\t<\/div>\n\t<\/div>\n\t\n\t\n\t<div id=\"gap-2069353639\" class=\"gap-element clearfix\" style=\"display:block; height:auto;\">\n\t\t\n<style>\n#gap-2069353639 {\n  padding-top: 20px;\n}\n<\/style>\n\t<\/div>\n\t\n\n\n\t\t<\/div>\n\t\t\t<\/div>\n\n\t\n\n<\/div>\n\n\t\t<\/div>\n\n\t\t\n<style>\n#section_1229853514 {\n  padding-top: 59px;\n  padding-bottom: 59px;\n  min-height: 300px;\n  background-color: rgb(243, 244, 247);\n}\n<\/style>\n\t<\/section>\n\t\n\n","protected":false},"excerpt":{"rendered":"","protected":false},"author":1,"featured_media":0,"parent":0,"menu_order":0,"comment_status":"closed","ping_status":"closed","template":"page-blank.php","meta":[],"_links":{"self":[{"href":"http:\/\/www.kitelog.com.mx\/ktlog\/wp-json\/wp\/v2\/pages\/388"}],"collection":[{"href":"http:\/\/www.kitelog.com.mx\/ktlog\/wp-json\/wp\/v2\/pages"}],"about":[{"href":"http:\/\/www.kitelog.com.mx\/ktlog\/wp-json\/wp\/v2\/types\/page"}],"author":[{"embeddable":true,"href":"http:\/\/www.kitelog.com.mx\/ktlog\/wp-json\/wp\/v2\/users\/1"}],"replies":[{"embeddable":true,"href":"http:\/\/www.kitelog.com.mx\/ktlog\/wp-json\/wp\/v2\/comments?post=388"}],"version-history":[{"count":4,"href":"http:\/\/www.kitelog.com.mx\/ktlog\/wp-json\/wp\/v2\/pages\/388\/revisions"}],"predecessor-version":[{"id":444,"href":"http:\/\/www.kitelog.com.mx\/ktlog\/wp-json\/wp\/v2\/pages\/388\/revisions\/444"}],"wp:attachment":[{"href":"http:\/\/www.kitelog.com.mx\/ktlog\/wp-json\/wp\/v2\/media?parent=388"}],"curies":[{"name":"wp","href":"https:\/\/api.w.org\/{rel}","templated":true}]}}